{"id":100,"date":"2023-12-18T19:44:45","date_gmt":"2023-12-18T19:44:45","guid":{"rendered":"http:\/\/cyfeillionllyn.org\/1\/?page_id=100"},"modified":"2024-01-04T20:50:22","modified_gmt":"2024-01-04T20:50:22","slug":"dim-saesneg","status":"publish","type":"page","link":"http:\/\/cyfeillionllyn.org\/1\/dim-saesneg\/","title":{"rendered":"Dim Saesneg!"},"content":{"rendered":"\n<h2 class=\"wp-block-heading has-large-font-size\" id=\"inspiro-is-a-digital-product-agency-that-focuses-on-strategy-and-design\" style=\"font-style:normal;font-weight:100\"><strong>Neges bwysig \u2018Dim Saesneg!\u2019 Phil Wyman ar ben draw ei bererindod o bymtheng mlynedd i Gymru.<\/strong><\/h2>\n\n\n\n<div style=\"height:55px\" aria-hidden=\"true\" class=\"wp-block-spacer\"><\/div>\n\n\n\n<p><strong>Cymunedau Cymraeg, Twristiaeth Wahanol a Dim Saesneg Pl\u00ees.<\/strong><\/p>\n\n\n\n<p>Ar ymweliad i Gastell Caernarfon bymtheg mlynedd yn \u00f4l y gwelodd Phill Wyman y geiriau \u2018Llewelyn ap Gruffudd \u2013 Last Prince of Wales\u2019 a dim mwy o hanes nag eglurhad. Ond roedd Phill yn gwybod yr hanes am orchfygu Llewelyn gan Edward I ac fel y bu iddo osod ei fab ei hun yn dywysog y Cymry ac mae dyna\u2019r drefn sarhaus sydd yn para hyd heddiw. Sylweddolodd Phill fod rhywbeth mawr o\u2019i le am nad oedd yr hanes yno a bod y Cymry a\u2019r Gymraeg yn cael eu sathru dan draed bob dydd. Dyna wnaeth i Phill Wyman o Galiffornia ddechrau crio ac addo y byddai\u2019n dychwelyd i Gymru ryw ddydd ac er mwyn dangos parch i\u2019r Cymry y byddai yn dysgu Cymraeg ac yn mynd ar daith o amgylch y wlad yn siarad dim ond Cymraeg.<\/p>\n\n\n\n<p>Fe aeth Sian Parri i\u2019w gyfarfod ar 24ain o Ebrill 2023 i ofyn iddo dd\u0175ad i gyfarfod cyhoeddus ar y 1af o Orffennaf, oedd yn cael ei drefnu gan Gyfeillion Ll\u0177n ac roedd Phill yn falch o dderbyn. Gwnaeth Sian ffilm fer o neges ganddo at bobl Ll\u0177n i gael ei ddefnyddio cyn y cyfarfod. Cyflwynwyd y ffilm i blant ysgolion dalgylch Pwllheli a Botwnnog yn rhan o\u2019r cyflwyniad celf \u2018Creu Hanes\u2019 ac fe wnaeth neges Phill Wyman argraff fawr ar y plant.<\/p>\n\n\n\n<p>Fe fu Phill farw\u2019n sydyn ar 29ain o Fai cyn iddo gael mynychu cyfarfod cyhoeddus y Cyfeillion a hefyd cyn iddo gael mynd ar ei daith \u2018Dim Saesneg\u2019 o amgylch Cymru yn siarad dim byd ond Cymraeg. Ond mae ei neges bwysig i ni yn para &#8211;&nbsp; \u2018Os ti\u2019n byw yn y Pen Ll\u0177n a Gwynedd, defnyddia dy eiriau Cymraeg efo\u2019r bobl sy\u2019n ymweld er mwyn iddyn nhw wybod bod Cymru yn lle hyfryd\u2019\u2026\u2018Pl\u00ees dim Saesneg efo fi\u2019<\/p>\n\n\n\n<div style=\"height:100px\" aria-hidden=\"true\" class=\"wp-block-spacer\"><\/div>\n\n\n\n<h1 class=\"wp-block-heading\">Phill Wyman a neges y plant<\/h1>\n\n\n\n<figure class=\"wp-block-embed is-type-video is-provider-youtube wp-block-embed-youtube wp-embed-aspect-16-9 wp-has-aspect-ratio\"><div class=\"wp-block-embed__wrapper\">\n<iframe loading=\"lazy\" title=\"Cartre&#039;r Gymraeg Beca\" width=\"950\" height=\"534\" src=\"https:\/\/www.youtube.com\/embed\/oXpA2CUNVLQ?feature=oembed\" frameborder=\"0\" allow=\"accelerometer; autoplay; clipboard-write; encrypted-media; gyroscope; picture-in-picture; web-share\" allowfullscreen><\/iframe>\n<\/div><\/figure>\n\n\n\n<div style=\"height:100px\" aria-hidden=\"true\" class=\"wp-block-spacer\"><\/div>\n\n\n\n<h1 class=\"wp-block-heading\" id=\"inspiro-is-a-digital-product-agency-that-focuses-on-strategy-and-desig\" style=\"font-weight:300\"><strong>Siaradwyr Cymraeg Newydd Ll\u0177n yn ategu neges Phill Wyman<\/strong><\/h1>\n\n\n\n<figure class=\"wp-block-embed alignwide is-type-video is-provider-youtube wp-block-embed-youtube wp-embed-aspect-16-9 wp-has-aspect-ratio\"><div class=\"wp-block-embed__wrapper\">\n<iframe loading=\"lazy\" title=\"Siaradwyr Cymraeg Newydd &#039;Dim Saesneg&#039;\" width=\"950\" height=\"534\" src=\"https:\/\/www.youtube.com\/embed\/D0GqfBFfZv0?feature=oembed\" frameborder=\"0\" allow=\"accelerometer; autoplay; clipboard-write; encrypted-media; gyroscope; picture-in-picture; web-share\" allowfullscreen><\/iframe>\n<\/div><\/figure>\n\n\n\n<div style=\"height:100px\" aria-hidden=\"true\" class=\"wp-block-spacer\"><\/div>\n\n\n\n<figure class=\"wp-block-image aligncenter size-thumbnail\"><img loading=\"lazy\" decoding=\"async\" width=\"150\" height=\"150\" src=\"http:\/\/cyfeillionllyn.org\/1\/wp-content\/uploads\/2023\/12\/cyfeillion-150x150.jpg\" alt=\"cyfeillion Ll\u0177n\" class=\"wp-image-12\" srcset=\"http:\/\/cyfeillionllyn.org\/1\/wp-content\/uploads\/2023\/12\/cyfeillion-150x150.jpg 150w, http:\/\/cyfeillionllyn.org\/1\/wp-content\/uploads\/2023\/12\/cyfeillion.jpg 225w\" sizes=\"auto, (max-width: 150px) 100vw, 150px\" \/><\/figure>\n","protected":false},"excerpt":{"rendered":"<p>Neges bwysig \u2018Dim Saesneg!\u2019 Phil Wyman ar ben draw ei bererindod o bymtheng mlynedd i Gymru. Cymunedau Cymraeg, Twristiaeth Wahanol a Dim Saesneg Pl\u00ees. Ar ymweliad i Gastell Caernarfon bymtheg mlynedd yn \u00f4l y gwelodd Phill Wyman y geiriau \u2018Llewelyn ap Gruffudd \u2013 Last Prince of Wales\u2019 a dim mwy o hanes nag eglurhad. Ond &hellip; <\/p>\n<p class=\"link-more\"><a href=\"http:\/\/cyfeillionllyn.org\/1\/dim-saesneg\/\" class=\"more-link\">Read more<span class=\"screen-reader-text\"> &#8220;Dim Saesneg!&#8221;<\/span><\/a><\/p>\n","protected":false},"author":1,"featured_media":227,"parent":0,"menu_order":0,"comment_status":"closed","ping_status":"closed","template":"","meta":{"footnotes":""},"class_list":["post-100","page","type-page","status-publish","has-post-thumbnail","hentry"],"yoast_head":"<!-- This site is optimized with the Yoast SEO plugin v23.2 - https:\/\/yoast.com\/wordpress\/plugins\/seo\/ -->\n<title>Dim Saesneg! - Cyfeillion Ll\u0177n<\/title>\n<meta name=\"description\" content=\"Dim Saesneg! Cyfeillion Ll\u0177n\" \/>\n<meta name=\"robots\" content=\"index, follow, max-snippet:-1, max-image-preview:large, max-video-preview:-1\" \/>\n<link rel=\"canonical\" href=\"http:\/\/cyfeillionllyn.org\/1\/dim-saesneg\/\" \/>\n<meta property=\"og:locale\" content=\"en_GB\" \/>\n<meta property=\"og:type\" content=\"article\" \/>\n<meta property=\"og:title\" content=\"Dim Saesneg! - Cyfeillion Ll\u0177n\" \/>\n<meta property=\"og:description\" content=\"Dim Saesneg! Cyfeillion Ll\u0177n\" \/>\n<meta property=\"og:url\" content=\"http:\/\/cyfeillionllyn.org\/1\/dim-saesneg\/\" \/>\n<meta property=\"og:site_name\" content=\"Cyfeillion Ll\u0177n\" \/>\n<meta property=\"article:publisher\" content=\"https:\/\/www.facebook.com\/profile.php?id=100094265299027\" \/>\n<meta property=\"article:modified_time\" content=\"2024-01-04T20:50:22+00:00\" \/>\n<meta property=\"og:image\" content=\"http:\/\/cyfeillionllyn.org\/1\/wp-content\/uploads\/2023\/12\/cropped-cefndir-cartref.jpg\" \/>\n\t<meta property=\"og:image:width\" content=\"2000\" \/>\n\t<meta property=\"og:image:height\" content=\"1197\" \/>\n\t<meta property=\"og:image:type\" content=\"image\/jpeg\" \/>\n<meta name=\"twitter:card\" content=\"summary_large_image\" \/>\n<meta name=\"twitter:site\" content=\"@CyfeillionLlyn\" \/>\n<meta name=\"twitter:label1\" content=\"Estimated reading time\" \/>\n\t<meta name=\"twitter:data1\" content=\"2 minutes\" \/>\n<script type=\"application\/ld+json\" class=\"yoast-schema-graph\">{\"@context\":\"https:\/\/schema.org\",\"@graph\":[{\"@type\":\"WebPage\",\"@id\":\"http:\/\/cyfeillionllyn.org\/1\/dim-saesneg\/\",\"url\":\"http:\/\/cyfeillionllyn.org\/1\/dim-saesneg\/\",\"name\":\"Dim Saesneg! - Cyfeillion Ll\u0177n\",\"isPartOf\":{\"@id\":\"http:\/\/cyfeillionllyn.org\/1\/#website\"},\"primaryImageOfPage\":{\"@id\":\"http:\/\/cyfeillionllyn.org\/1\/dim-saesneg\/#primaryimage\"},\"image\":{\"@id\":\"http:\/\/cyfeillionllyn.org\/1\/dim-saesneg\/#primaryimage\"},\"thumbnailUrl\":\"http:\/\/cyfeillionllyn.org\/1\/wp-content\/uploads\/2023\/12\/cropped-cefndir-cartref.jpg\",\"datePublished\":\"2023-12-18T19:44:45+00:00\",\"dateModified\":\"2024-01-04T20:50:22+00:00\",\"description\":\"Dim Saesneg! Cyfeillion Ll\u0177n\",\"breadcrumb\":{\"@id\":\"http:\/\/cyfeillionllyn.org\/1\/dim-saesneg\/#breadcrumb\"},\"inLanguage\":\"en-GB\",\"potentialAction\":[{\"@type\":\"ReadAction\",\"target\":[\"http:\/\/cyfeillionllyn.org\/1\/dim-saesneg\/\"]}]},{\"@type\":\"ImageObject\",\"inLanguage\":\"en-GB\",\"@id\":\"http:\/\/cyfeillionllyn.org\/1\/dim-saesneg\/#primaryimage\",\"url\":\"http:\/\/cyfeillionllyn.org\/1\/wp-content\/uploads\/2023\/12\/cropped-cefndir-cartref.jpg\",\"contentUrl\":\"http:\/\/cyfeillionllyn.org\/1\/wp-content\/uploads\/2023\/12\/cropped-cefndir-cartref.jpg\",\"width\":2000,\"height\":1197},{\"@type\":\"BreadcrumbList\",\"@id\":\"http:\/\/cyfeillionllyn.org\/1\/dim-saesneg\/#breadcrumb\",\"itemListElement\":[{\"@type\":\"ListItem\",\"position\":1,\"name\":\"Home\",\"item\":\"http:\/\/cyfeillionllyn.org\/1\/\"},{\"@type\":\"ListItem\",\"position\":2,\"name\":\"Dim Saesneg!\"}]},{\"@type\":\"WebSite\",\"@id\":\"http:\/\/cyfeillionllyn.org\/1\/#website\",\"url\":\"http:\/\/cyfeillionllyn.org\/1\/\",\"name\":\"Cyfeillion Ll\u0177n\",\"description\":\"\",\"publisher\":{\"@id\":\"http:\/\/cyfeillionllyn.org\/1\/#organization\"},\"alternateName\":\"Cyfeillion\",\"potentialAction\":[{\"@type\":\"SearchAction\",\"target\":{\"@type\":\"EntryPoint\",\"urlTemplate\":\"http:\/\/cyfeillionllyn.org\/1\/?s={search_term_string}\"},\"query-input\":\"required name=search_term_string\"}],\"inLanguage\":\"en-GB\"},{\"@type\":\"Organization\",\"@id\":\"http:\/\/cyfeillionllyn.org\/1\/#organization\",\"name\":\"Cyfeillion Ll\u0177n\",\"url\":\"http:\/\/cyfeillionllyn.org\/1\/\",\"logo\":{\"@type\":\"ImageObject\",\"inLanguage\":\"en-GB\",\"@id\":\"http:\/\/cyfeillionllyn.org\/1\/#\/schema\/logo\/image\/\",\"url\":\"http:\/\/cyfeillionllyn.org\/1\/wp-content\/uploads\/2023\/12\/logo-cyfeillion.png\",\"contentUrl\":\"http:\/\/cyfeillionllyn.org\/1\/wp-content\/uploads\/2023\/12\/logo-cyfeillion.png\",\"width\":1403,\"height\":225,\"caption\":\"Cyfeillion Ll\u0177n\"},\"image\":{\"@id\":\"http:\/\/cyfeillionllyn.org\/1\/#\/schema\/logo\/image\/\"},\"sameAs\":[\"https:\/\/www.facebook.com\/profile.php?id=100094265299027\",\"https:\/\/x.com\/CyfeillionLlyn\",\"https:\/\/www.youtube.com\/@CyfeillionLlyn\"]}]}<\/script>\n<!-- \/ Yoast SEO plugin. -->","yoast_head_json":{"title":"Dim Saesneg! - Cyfeillion Ll\u0177n","description":"Dim Saesneg! Cyfeillion Ll\u0177n","robots":{"index":"index","follow":"follow","max-snippet":"max-snippet:-1","max-image-preview":"max-image-preview:large","max-video-preview":"max-video-preview:-1"},"canonical":"http:\/\/cyfeillionllyn.org\/1\/dim-saesneg\/","og_locale":"en_GB","og_type":"article","og_title":"Dim Saesneg! - Cyfeillion Ll\u0177n","og_description":"Dim Saesneg! Cyfeillion Ll\u0177n","og_url":"http:\/\/cyfeillionllyn.org\/1\/dim-saesneg\/","og_site_name":"Cyfeillion Ll\u0177n","article_publisher":"https:\/\/www.facebook.com\/profile.php?id=100094265299027","article_modified_time":"2024-01-04T20:50:22+00:00","og_image":[{"width":2000,"height":1197,"url":"http:\/\/cyfeillionllyn.org\/1\/wp-content\/uploads\/2023\/12\/cropped-cefndir-cartref.jpg","type":"image\/jpeg"}],"twitter_card":"summary_large_image","twitter_site":"@CyfeillionLlyn","twitter_misc":{"Estimated reading time":"2 minutes"},"schema":{"@context":"https:\/\/schema.org","@graph":[{"@type":"WebPage","@id":"http:\/\/cyfeillionllyn.org\/1\/dim-saesneg\/","url":"http:\/\/cyfeillionllyn.org\/1\/dim-saesneg\/","name":"Dim Saesneg! - Cyfeillion Ll\u0177n","isPartOf":{"@id":"http:\/\/cyfeillionllyn.org\/1\/#website"},"primaryImageOfPage":{"@id":"http:\/\/cyfeillionllyn.org\/1\/dim-saesneg\/#primaryimage"},"image":{"@id":"http:\/\/cyfeillionllyn.org\/1\/dim-saesneg\/#primaryimage"},"thumbnailUrl":"http:\/\/cyfeillionllyn.org\/1\/wp-content\/uploads\/2023\/12\/cropped-cefndir-cartref.jpg","datePublished":"2023-12-18T19:44:45+00:00","dateModified":"2024-01-04T20:50:22+00:00","description":"Dim Saesneg! Cyfeillion Ll\u0177n","breadcrumb":{"@id":"http:\/\/cyfeillionllyn.org\/1\/dim-saesneg\/#breadcrumb"},"inLanguage":"en-GB","potentialAction":[{"@type":"ReadAction","target":["http:\/\/cyfeillionllyn.org\/1\/dim-saesneg\/"]}]},{"@type":"ImageObject","inLanguage":"en-GB","@id":"http:\/\/cyfeillionllyn.org\/1\/dim-saesneg\/#primaryimage","url":"http:\/\/cyfeillionllyn.org\/1\/wp-content\/uploads\/2023\/12\/cropped-cefndir-cartref.jpg","contentUrl":"http:\/\/cyfeillionllyn.org\/1\/wp-content\/uploads\/2023\/12\/cropped-cefndir-cartref.jpg","width":2000,"height":1197},{"@type":"BreadcrumbList","@id":"http:\/\/cyfeillionllyn.org\/1\/dim-saesneg\/#breadcrumb","itemListElement":[{"@type":"ListItem","position":1,"name":"Home","item":"http:\/\/cyfeillionllyn.org\/1\/"},{"@type":"ListItem","position":2,"name":"Dim Saesneg!"}]},{"@type":"WebSite","@id":"http:\/\/cyfeillionllyn.org\/1\/#website","url":"http:\/\/cyfeillionllyn.org\/1\/","name":"Cyfeillion Ll\u0177n","description":"","publisher":{"@id":"http:\/\/cyfeillionllyn.org\/1\/#organization"},"alternateName":"Cyfeillion","potentialAction":[{"@type":"SearchAction","target":{"@type":"EntryPoint","urlTemplate":"http:\/\/cyfeillionllyn.org\/1\/?s={search_term_string}"},"query-input":"required name=search_term_string"}],"inLanguage":"en-GB"},{"@type":"Organization","@id":"http:\/\/cyfeillionllyn.org\/1\/#organization","name":"Cyfeillion Ll\u0177n","url":"http:\/\/cyfeillionllyn.org\/1\/","logo":{"@type":"ImageObject","inLanguage":"en-GB","@id":"http:\/\/cyfeillionllyn.org\/1\/#\/schema\/logo\/image\/","url":"http:\/\/cyfeillionllyn.org\/1\/wp-content\/uploads\/2023\/12\/logo-cyfeillion.png","contentUrl":"http:\/\/cyfeillionllyn.org\/1\/wp-content\/uploads\/2023\/12\/logo-cyfeillion.png","width":1403,"height":225,"caption":"Cyfeillion Ll\u0177n"},"image":{"@id":"http:\/\/cyfeillionllyn.org\/1\/#\/schema\/logo\/image\/"},"sameAs":["https:\/\/www.facebook.com\/profile.php?id=100094265299027","https:\/\/x.com\/CyfeillionLlyn","https:\/\/www.youtube.com\/@CyfeillionLlyn"]}]}},"featured_media_urls":{"thumbnail":["http:\/\/cyfeillionllyn.org\/1\/wp-content\/uploads\/2023\/12\/cropped-cefndir-cartref-150x150.jpg",150,150,true],"medium":["http:\/\/cyfeillionllyn.org\/1\/wp-content\/uploads\/2023\/12\/cropped-cefndir-cartref-300x180.jpg",300,180,true],"medium_large":["http:\/\/cyfeillionllyn.org\/1\/wp-content\/uploads\/2023\/12\/cropped-cefndir-cartref.jpg",768,460,false],"large":["http:\/\/cyfeillionllyn.org\/1\/wp-content\/uploads\/2023\/12\/cropped-cefndir-cartref-1024x613.jpg",950,569,true],"1536x1536":["http:\/\/cyfeillionllyn.org\/1\/wp-content\/uploads\/2023\/12\/cropped-cefndir-cartref-1536x919.jpg",1536,919,true],"2048x2048":["http:\/\/cyfeillionllyn.org\/1\/wp-content\/uploads\/2023\/12\/cropped-cefndir-cartref.jpg",2000,1197,false],"inspiro-featured-image":["http:\/\/cyfeillionllyn.org\/1\/wp-content\/uploads\/2023\/12\/cropped-cefndir-cartref.jpg",2000,1197,false],"inspiro-loop":["http:\/\/cyfeillionllyn.org\/1\/wp-content\/uploads\/2023\/12\/cropped-cefndir-cartref-950x320.jpg",950,320,true],"inspiro-loop@2x":["http:\/\/cyfeillionllyn.org\/1\/wp-content\/uploads\/2023\/12\/cropped-cefndir-cartref-1900x640.jpg",1900,640,true],"portfolio_item-thumbnail":["http:\/\/cyfeillionllyn.org\/1\/wp-content\/uploads\/2023\/12\/cropped-cefndir-cartref-600x400.jpg",600,400,true],"portfolio_item-thumbnail@2x":["http:\/\/cyfeillionllyn.org\/1\/wp-content\/uploads\/2023\/12\/cropped-cefndir-cartref-1200x800.jpg",1200,800,true],"portfolio_item-masonry":["http:\/\/cyfeillionllyn.org\/1\/wp-content\/uploads\/2023\/12\/cropped-cefndir-cartref-600x359.jpg",600,359,true],"portfolio_item-masonry@2x":["http:\/\/cyfeillionllyn.org\/1\/wp-content\/uploads\/2023\/12\/cropped-cefndir-cartref-1200x718.jpg",1200,718,true],"portfolio_item-thumbnail_cinema":["http:\/\/cyfeillionllyn.org\/1\/wp-content\/uploads\/2023\/12\/cropped-cefndir-cartref-800x335.jpg",800,335,true],"portfolio_item-thumbnail_portrait":["http:\/\/cyfeillionllyn.org\/1\/wp-content\/uploads\/2023\/12\/cropped-cefndir-cartref-600x900.jpg",600,900,true],"portfolio_item-thumbnail_portrait@2x":["http:\/\/cyfeillionllyn.org\/1\/wp-content\/uploads\/2023\/12\/cropped-cefndir-cartref-1200x1197.jpg",1200,1197,true],"portfolio_item-thumbnail_square":["http:\/\/cyfeillionllyn.org\/1\/wp-content\/uploads\/2023\/12\/cropped-cefndir-cartref-800x800.jpg",800,800,true]},"_links":{"self":[{"href":"http:\/\/cyfeillionllyn.org\/1\/wp-json\/wp\/v2\/pages\/100","targetHints":{"allow":["GET"]}}],"collection":[{"href":"http:\/\/cyfeillionllyn.org\/1\/wp-json\/wp\/v2\/pages"}],"about":[{"href":"http:\/\/cyfeillionllyn.org\/1\/wp-json\/wp\/v2\/types\/page"}],"author":[{"embeddable":true,"href":"http:\/\/cyfeillionllyn.org\/1\/wp-json\/wp\/v2\/users\/1"}],"replies":[{"embeddable":true,"href":"http:\/\/cyfeillionllyn.org\/1\/wp-json\/wp\/v2\/comments?post=100"}],"version-history":[{"count":9,"href":"http:\/\/cyfeillionllyn.org\/1\/wp-json\/wp\/v2\/pages\/100\/revisions"}],"predecessor-version":[{"id":568,"href":"http:\/\/cyfeillionllyn.org\/1\/wp-json\/wp\/v2\/pages\/100\/revisions\/568"}],"wp:featuredmedia":[{"embeddable":true,"href":"http:\/\/cyfeillionllyn.org\/1\/wp-json\/wp\/v2\/media\/227"}],"wp:attachment":[{"href":"http:\/\/cyfeillionllyn.org\/1\/wp-json\/wp\/v2\/media?parent=100"}],"curies":[{"name":"wp","href":"https:\/\/api.w.org\/{rel}","templated":true}]}}