{"id":54,"date":"2023-12-18T15:35:38","date_gmt":"2023-12-18T15:35:38","guid":{"rendered":"http:\/\/cyfeillionllyn.org\/1\/?page_id=54"},"modified":"2025-08-14T11:41:05","modified_gmt":"2025-08-14T10:41:05","slug":"hanes","status":"publish","type":"page","link":"http:\/\/cyfeillionllyn.org\/1\/hanes\/","title":{"rendered":"Hanes"},"content":{"rendered":"\n<div class=\"wp-block-columns is-layout-flex wp-container-core-columns-is-layout-28f84493 wp-block-columns-is-layout-flex\">\n<div class=\"wp-block-column is-layout-flow wp-block-column-is-layout-flow\" style=\"flex-basis:15%\"><\/div>\n\n\n\n<div class=\"wp-block-column is-layout-flow wp-block-column-is-layout-flow\" style=\"flex-basis:70%\">\n<p>Sefydlwyd Cyfeillion Ll\u0177n yn 1986 gan Gruffudd Parry ac R.S.Thomas gyda thri phrif amcan-: gwarchod y Gymraeg, yr amgylchedd a buddiannau pobl Ll\u0177n. Ers ei sefydlu y mae\u2019r Cyfeillion wedi gweithio i godi ymwybyddiaeth o\u2019r angen i gynnal yr iaith a\u2019r bywyd Cymraeg yn Ll\u0177n a chadarnleoedd eraill.<\/p>\n\n\n\n<div class=\"wp-block-columns is-layout-flex wp-container-core-columns-is-layout-28f84493 wp-block-columns-is-layout-flex\">\n<div class=\"wp-block-column is-layout-flow wp-block-column-is-layout-flow\">\n<figure class=\"wp-block-image aligncenter size-full is-resized\"><img loading=\"lazy\" decoding=\"async\" width=\"200\" height=\"150\" src=\"http:\/\/cyfeillionllyn.org\/1\/wp-content\/uploads\/2023\/12\/rs.jpg\" alt=\"\" class=\"wp-image-42\" style=\"width:350px;height:auto\"\/><\/figure>\n<\/div>\n\n\n\n<div class=\"wp-block-column is-layout-flow wp-block-column-is-layout-flow\">\n<figure class=\"wp-block-image aligncenter size-full is-resized\"><img loading=\"lazy\" decoding=\"async\" width=\"200\" height=\"150\" src=\"http:\/\/cyfeillionllyn.org\/1\/wp-content\/uploads\/2023\/12\/gp.jpg\" alt=\"\" class=\"wp-image-43\" style=\"width:348px;height:auto\"\/><\/figure>\n<\/div>\n<\/div>\n\n\n\n<p><\/p>\n\n\n\n<p>Brodor o Garmel yn Arfon oedd Gruffudd Parry ond roedd ei fam yn wreiddiol o Langwnnadl yn Ll\u0177n. Yn rhannol oherwydd bod ei frawd a dau gefnder iddo yn darlithio yn yr adran Gymraeg yng Ngholeg y Brifysgol ym Mangor penderfynodd symud i\u2019r adran Saesneg ar ddiwedd ei flwyddyn gyntaf. Wedi gadael y coleg cafodd swydd yn Ysgol Botwnnog ac yno y bu, yn dysgu Saesneg drwy gyfrwng y Gymraeg, am mae dyna\u2019r peth rhesymol amlwg i\u2019w wneud. Bu\u2019n ymgyrchu dros warchod y Gymraeg ar hyd ei oes o\u2019r teithio ar ei feic i hel enwau ar ddeiseb yn gwrthwynebu sefydlu gwersyll Gwyliau Billy Butlins ym Mhwllheli am ei fod yn gwybod yr effaith niweidiol yr oedd am ei gael ar ein cymunedau a\u2019r Gymraeg i frwydr enwog Bryncroes a warchododd yr ysgolion bach am ddegawdau er colli\u2019r frwydr ym Mryncroes. Roedd yn gyfarwydd iawn \u00e2\u2019n cryfderau a\u2019n gwendidau fel Cymry ond yn ysgogi, cefnogi a chynorthwyo bob ymdrech gan bawb. Mae\u2019r gyfrol \u2018Crwydro Ll\u0177n ac Eifionydd\u2019 yn profi ei ddawn fel awdur a thrwy ei ddull teimladwy o ysgrifennu mae ei bersonoliaeth, garedig, gymwynasgar gadarn a doeth yn disgleirio.<\/p>\n\n\n\n<p>Er bod y ddau yn yr Adran Saesneg ym Mangor ar yr un pryd, roedd gan y ddau, ddiddordebau a barn wahanol iawn i\u2019w gilydd am Gymreictod bryd hynny. Dim ond ar \u00f4l i\u2019r ddau ymddeol ac ar \u00f4l i R.S. Thomas ystyried fod ei Gymraeg yn ddigon da yr aeth i ymweld \u00e2 Gruffudd Parry a gofyn am ei gymorth i sefydlu cymdeithas i warchod Cymreictod Ll\u0177n. Erbyn hyn roedd llawer gormod o Saesneg yn amharu ar y \u201cglendid a fu\u201d ac aeth y ddau ati i arfogi, i amddiffyn a chau\u2019r bwlch, a dyna fan cychwyn Cyfeillion Ll\u0177n gyda R.S.Thomas yn Ysgrifennydd a Gruffudd Parry yn Gadeirydd a buan y daeth cyfeillion eraill i sefyll gyda nhw yn y bwlch \u2013 Moses Glyn Jones, Ioan Mai Evans, Gareth Williams, Robyn Lewis, Arfon Huws, a sawl un arall a oedd yn ymwybodol o\u2019u cyfrifoldeb.<\/p>\n\n\n\n<p>Fel un a oedd wedi gorfod dysgu ei famiaith ei hun, yr oedd R.S. yn ymwybodol iawn o\u2019r angen i siaradwyr Cymraeg gynorthwyo ymdrechion y dysgwyr drwy beidio troi i\u2019r Saesneg. Mi fydda fo\u2019n dweud mai\u2019r oll sydd angen i ni ei wneud i warchod y Gymraeg ydy ei siarad hi, a siarad dim ond y hi.<\/p>\n<\/div>\n\n\n\n<div class=\"wp-block-column is-layout-flow wp-block-column-is-layout-flow\" style=\"flex-basis:15%\"><\/div>\n<\/div>\n\n\n\n<hr class=\"wp-block-separator has-alpha-channel-opacity\"\/>\n\n\n\n<div style=\"height:100px\" aria-hidden=\"true\" class=\"wp-block-spacer\"><\/div>\n\n\n\n<figure class=\"wp-block-image aligncenter size-large\"><img loading=\"lazy\" decoding=\"async\" width=\"512\" height=\"1024\" src=\"http:\/\/cyfeillionllyn.org\/1\/wp-content\/uploads\/2023\/12\/Gwarchodwyr-Ein-Traddodiadau-512x1024.jpg\" alt=\"\" class=\"wp-image-56\" srcset=\"http:\/\/cyfeillionllyn.org\/1\/wp-content\/uploads\/2023\/12\/Gwarchodwyr-Ein-Traddodiadau-512x1024.jpg 512w, http:\/\/cyfeillionllyn.org\/1\/wp-content\/uploads\/2023\/12\/Gwarchodwyr-Ein-Traddodiadau-150x300.jpg 150w, http:\/\/cyfeillionllyn.org\/1\/wp-content\/uploads\/2023\/12\/Gwarchodwyr-Ein-Traddodiadau.jpg 737w\" sizes=\"auto, (max-width: 512px) 100vw, 512px\" \/><\/figure>\n\n\n\n<hr class=\"wp-block-separator has-alpha-channel-opacity\"\/>\n\n\n\n<div style=\"height:100px\" aria-hidden=\"true\" class=\"wp-block-spacer\"><\/div>\n\n\n\n<figure class=\"wp-block-image aligncenter size-full is-resized\" id=\"meini\"><img loading=\"lazy\" decoding=\"async\" width=\"646\" height=\"2560\" src=\"http:\/\/cyfeillionllyn.org\/1\/wp-content\/uploads\/2023\/12\/M-Pemprys-Mawrth-1993-scaled.jpg\" alt=\"\" class=\"wp-image-57\" style=\"width:504px;height:auto\" srcset=\"http:\/\/cyfeillionllyn.org\/1\/wp-content\/uploads\/2023\/12\/M-Pemprys-Mawrth-1993-scaled.jpg 646w, http:\/\/cyfeillionllyn.org\/1\/wp-content\/uploads\/2023\/12\/M-Pemprys-Mawrth-1993-76x300.jpg 76w\" sizes=\"auto, (max-width: 646px) 100vw, 646px\" \/><\/figure>\n\n\n\n<figure class=\"wp-block-image aligncenter size-full is-resized\"><img loading=\"lazy\" decoding=\"async\" width=\"756\" height=\"1008\" src=\"http:\/\/cyfeillionllyn.org\/1\/wp-content\/uploads\/2024\/01\/oriel2.jpg\" alt=\"\" class=\"wp-image-708\" style=\"width:477px;height:auto\" srcset=\"http:\/\/cyfeillionllyn.org\/1\/wp-content\/uploads\/2024\/01\/oriel2.jpg 756w, http:\/\/cyfeillionllyn.org\/1\/wp-content\/uploads\/2024\/01\/oriel2-225x300.jpg 225w\" sizes=\"auto, (max-width: 756px) 100vw, 756px\" \/><\/figure>\n\n\n\n<figure class=\"wp-block-image aligncenter size-large is-resized\"><img loading=\"lazy\" decoding=\"async\" width=\"768\" height=\"1024\" src=\"http:\/\/cyfeillionllyn.org\/1\/wp-content\/uploads\/2024\/01\/IMG_7356-768x1024.jpg\" alt=\"\" class=\"wp-image-394\" style=\"width:478px;height:auto\" srcset=\"http:\/\/cyfeillionllyn.org\/1\/wp-content\/uploads\/2024\/01\/IMG_7356-768x1024.jpg 768w, http:\/\/cyfeillionllyn.org\/1\/wp-content\/uploads\/2024\/01\/IMG_7356-225x300.jpg 225w, http:\/\/cyfeillionllyn.org\/1\/wp-content\/uploads\/2024\/01\/IMG_7356.jpg 850w\" sizes=\"auto, (max-width: 768px) 100vw, 768px\" \/><\/figure>\n\n\n\n<hr class=\"wp-block-separator has-alpha-channel-opacity\"\/>\n\n\n\n<div style=\"height:100px\" aria-hidden=\"true\" class=\"wp-block-spacer\"><\/div>\n\n\n\n<figure class=\"wp-block-image aligncenter size-large is-resized\"><img loading=\"lazy\" decoding=\"async\" width=\"953\" height=\"1024\" src=\"http:\/\/cyfeillionllyn.org\/1\/wp-content\/uploads\/2024\/01\/cyfeillion2-953x1024.jpg\" alt=\"\" class=\"wp-image-720\" style=\"width:608px;height:auto\" srcset=\"http:\/\/cyfeillionllyn.org\/1\/wp-content\/uploads\/2024\/01\/cyfeillion2-953x1024.jpg 953w, http:\/\/cyfeillionllyn.org\/1\/wp-content\/uploads\/2024\/01\/cyfeillion2-279x300.jpg 279w, http:\/\/cyfeillionllyn.org\/1\/wp-content\/uploads\/2024\/01\/cyfeillion2.jpg 1447w\" sizes=\"auto, (max-width: 953px) 100vw, 953px\" \/><\/figure>\n\n\n\n<hr class=\"wp-block-separator has-alpha-channel-opacity\"\/>\n\n\n\n<div style=\"height:100px\" aria-hidden=\"true\" class=\"wp-block-spacer\"><\/div>\n\n\n\n<figure class=\"wp-block-image aligncenter size-large is-resized\"><img loading=\"lazy\" decoding=\"async\" width=\"307\" height=\"1024\" src=\"http:\/\/cyfeillionllyn.org\/1\/wp-content\/uploads\/2024\/01\/cyfeillion1-307x1024.jpg\" alt=\"\" class=\"wp-image-719\" style=\"width:361px;height:auto\" srcset=\"http:\/\/cyfeillionllyn.org\/1\/wp-content\/uploads\/2024\/01\/cyfeillion1-307x1024.jpg 307w, http:\/\/cyfeillionllyn.org\/1\/wp-content\/uploads\/2024\/01\/cyfeillion1-90x300.jpg 90w, http:\/\/cyfeillionllyn.org\/1\/wp-content\/uploads\/2024\/01\/cyfeillion1-scaled.jpg 768w\" sizes=\"auto, (max-width: 307px) 100vw, 307px\" \/><\/figure>\n\n\n\n<hr class=\"wp-block-separator has-alpha-channel-opacity\"\/>\n\n\n\n<div style=\"height:100px\" aria-hidden=\"true\" class=\"wp-block-spacer\"><\/div>\n\n\n\n<figure class=\"wp-block-image aligncenter size-large\"><img loading=\"lazy\" decoding=\"async\" width=\"377\" height=\"1024\" src=\"http:\/\/cyfeillionllyn.org\/1\/wp-content\/uploads\/2024\/01\/cyfeillion3-377x1024.jpg\" alt=\"\" class=\"wp-image-721\" srcset=\"http:\/\/cyfeillionllyn.org\/1\/wp-content\/uploads\/2024\/01\/cyfeillion3-377x1024.jpg 377w, http:\/\/cyfeillionllyn.org\/1\/wp-content\/uploads\/2024\/01\/cyfeillion3-111x300.jpg 111w, http:\/\/cyfeillionllyn.org\/1\/wp-content\/uploads\/2024\/01\/cyfeillion3.jpg 492w\" sizes=\"auto, (max-width: 377px) 100vw, 377px\" \/><\/figure>\n\n\n\n<hr class=\"wp-block-separator has-alpha-channel-opacity\"\/>\n\n\n\n<div style=\"height:100px\" aria-hidden=\"true\" class=\"wp-block-spacer\"><\/div>\n\n\n\n<figure class=\"wp-block-image aligncenter size-large\"><img loading=\"lazy\" decoding=\"async\" width=\"471\" height=\"1024\" src=\"http:\/\/cyfeillionllyn.org\/1\/wp-content\/uploads\/2024\/01\/cyfeillion4-471x1024.jpg\" alt=\"\" class=\"wp-image-722\" srcset=\"http:\/\/cyfeillionllyn.org\/1\/wp-content\/uploads\/2024\/01\/cyfeillion4-471x1024.jpg 471w, http:\/\/cyfeillionllyn.org\/1\/wp-content\/uploads\/2024\/01\/cyfeillion4-138x300.jpg 138w, http:\/\/cyfeillionllyn.org\/1\/wp-content\/uploads\/2024\/01\/cyfeillion4.jpg 848w\" sizes=\"auto, (max-width: 471px) 100vw, 471px\" \/><\/figure>\n\n\n\n<hr class=\"wp-block-separator has-alpha-channel-opacity\"\/>\n\n\n\n<div style=\"height:100px\" aria-hidden=\"true\" class=\"wp-block-spacer\"><\/div>\n\n\n\n<figure class=\"wp-block-image aligncenter size-full is-resized\"><img loading=\"lazy\" decoding=\"async\" width=\"519\" height=\"2560\" src=\"http:\/\/cyfeillionllyn.org\/1\/wp-content\/uploads\/2024\/01\/Ficar-Aberdaron-scaled.jpg\" alt=\"\" class=\"wp-image-257\" style=\"width:514px;height:auto\" srcset=\"http:\/\/cyfeillionllyn.org\/1\/wp-content\/uploads\/2024\/01\/Ficar-Aberdaron-scaled.jpg 519w, http:\/\/cyfeillionllyn.org\/1\/wp-content\/uploads\/2024\/01\/Ficar-Aberdaron-61x300.jpg 61w\" sizes=\"auto, (max-width: 519px) 100vw, 519px\" \/><\/figure>\n\n\n\n<hr class=\"wp-block-separator has-alpha-channel-opacity\"\/>\n\n\n\n<div style=\"height:100px\" aria-hidden=\"true\" class=\"wp-block-spacer\"><\/div>\n\n\n\n<figure class=\"wp-block-image aligncenter size-thumbnail\"><img loading=\"lazy\" decoding=\"async\" width=\"150\" height=\"150\" src=\"http:\/\/cyfeillionllyn.org\/1\/wp-content\/uploads\/2023\/12\/cyfeillion-150x150.jpg\" alt=\"cyfeillion Ll\u0177n\" class=\"wp-image-12\" srcset=\"http:\/\/cyfeillionllyn.org\/1\/wp-content\/uploads\/2023\/12\/cyfeillion-150x150.jpg 150w, http:\/\/cyfeillionllyn.org\/1\/wp-content\/uploads\/2023\/12\/cyfeillion.jpg 225w\" sizes=\"auto, (max-width: 150px) 100vw, 150px\" \/><\/figure>\n","protected":false},"excerpt":{"rendered":"<p>Sefydlwyd Cyfeillion Ll\u0177n yn 1986 gan Gruffudd Parry ac R.S.Thomas gyda thri phrif amcan-: gwarchod y Gymraeg, yr amgylchedd a buddiannau pobl Ll\u0177n. Ers ei sefydlu y mae\u2019r Cyfeillion wedi gweithio i godi ymwybyddiaeth o\u2019r angen i gynnal yr iaith a\u2019r bywyd Cymraeg yn Ll\u0177n a chadarnleoedd eraill. Brodor o Garmel yn Arfon oedd Gruffudd &hellip; <\/p>\n<p class=\"link-more\"><a href=\"http:\/\/cyfeillionllyn.org\/1\/hanes\/\" class=\"more-link\">Read more<span class=\"screen-reader-text\"> &#8220;Hanes&#8221;<\/span><\/a><\/p>\n","protected":false},"author":1,"featured_media":227,"parent":0,"menu_order":0,"comment_status":"closed","ping_status":"open","template":"","meta":{"footnotes":""},"class_list":["post-54","page","type-page","status-publish","has-post-thumbnail","hentry"],"yoast_head":"<!-- This site is optimized with the Yoast SEO plugin v23.2 - https:\/\/yoast.com\/wordpress\/plugins\/seo\/ -->\n<title>Hanes - Cyfeillion Ll\u0177n<\/title>\n<meta name=\"description\" content=\"Hanes Cyfeillion Ll\u0177n\" \/>\n<meta name=\"robots\" content=\"index, follow, max-snippet:-1, max-image-preview:large, max-video-preview:-1\" \/>\n<link rel=\"canonical\" href=\"http:\/\/cyfeillionllyn.org\/1\/hanes\/\" \/>\n<meta property=\"og:locale\" content=\"en_GB\" \/>\n<meta property=\"og:type\" content=\"article\" \/>\n<meta property=\"og:title\" content=\"Hanes - Cyfeillion Ll\u0177n\" \/>\n<meta property=\"og:description\" content=\"Hanes Cyfeillion Ll\u0177n\" \/>\n<meta property=\"og:url\" content=\"http:\/\/cyfeillionllyn.org\/1\/hanes\/\" \/>\n<meta property=\"og:site_name\" content=\"Cyfeillion Ll\u0177n\" \/>\n<meta property=\"article:publisher\" content=\"https:\/\/www.facebook.com\/profile.php?id=100094265299027\" \/>\n<meta property=\"article:modified_time\" content=\"2025-08-14T10:41:05+00:00\" \/>\n<meta property=\"og:image\" content=\"http:\/\/cyfeillionllyn.org\/1\/wp-content\/uploads\/2023\/12\/cropped-cefndir-cartref.jpg\" \/>\n\t<meta property=\"og:image:width\" content=\"2000\" \/>\n\t<meta property=\"og:image:height\" content=\"1197\" \/>\n\t<meta property=\"og:image:type\" content=\"image\/jpeg\" \/>\n<meta name=\"twitter:card\" content=\"summary_large_image\" \/>\n<meta name=\"twitter:site\" content=\"@CyfeillionLlyn\" \/>\n<meta name=\"twitter:label1\" content=\"Estimated reading time\" \/>\n\t<meta name=\"twitter:data1\" content=\"5 minutes\" \/>\n<script type=\"application\/ld+json\" class=\"yoast-schema-graph\">{\"@context\":\"https:\/\/schema.org\",\"@graph\":[{\"@type\":\"WebPage\",\"@id\":\"http:\/\/cyfeillionllyn.org\/1\/hanes\/\",\"url\":\"http:\/\/cyfeillionllyn.org\/1\/hanes\/\",\"name\":\"Hanes - Cyfeillion Ll\u0177n\",\"isPartOf\":{\"@id\":\"http:\/\/cyfeillionllyn.org\/1\/#website\"},\"primaryImageOfPage\":{\"@id\":\"http:\/\/cyfeillionllyn.org\/1\/hanes\/#primaryimage\"},\"image\":{\"@id\":\"http:\/\/cyfeillionllyn.org\/1\/hanes\/#primaryimage\"},\"thumbnailUrl\":\"http:\/\/cyfeillionllyn.org\/1\/wp-content\/uploads\/2023\/12\/cropped-cefndir-cartref.jpg\",\"datePublished\":\"2023-12-18T15:35:38+00:00\",\"dateModified\":\"2025-08-14T10:41:05+00:00\",\"description\":\"Hanes Cyfeillion Ll\u0177n\",\"breadcrumb\":{\"@id\":\"http:\/\/cyfeillionllyn.org\/1\/hanes\/#breadcrumb\"},\"inLanguage\":\"en-GB\",\"potentialAction\":[{\"@type\":\"ReadAction\",\"target\":[\"http:\/\/cyfeillionllyn.org\/1\/hanes\/\"]}]},{\"@type\":\"ImageObject\",\"inLanguage\":\"en-GB\",\"@id\":\"http:\/\/cyfeillionllyn.org\/1\/hanes\/#primaryimage\",\"url\":\"http:\/\/cyfeillionllyn.org\/1\/wp-content\/uploads\/2023\/12\/cropped-cefndir-cartref.jpg\",\"contentUrl\":\"http:\/\/cyfeillionllyn.org\/1\/wp-content\/uploads\/2023\/12\/cropped-cefndir-cartref.jpg\",\"width\":2000,\"height\":1197},{\"@type\":\"BreadcrumbList\",\"@id\":\"http:\/\/cyfeillionllyn.org\/1\/hanes\/#breadcrumb\",\"itemListElement\":[{\"@type\":\"ListItem\",\"position\":1,\"name\":\"Home\",\"item\":\"http:\/\/cyfeillionllyn.org\/1\/\"},{\"@type\":\"ListItem\",\"position\":2,\"name\":\"Hanes\"}]},{\"@type\":\"WebSite\",\"@id\":\"http:\/\/cyfeillionllyn.org\/1\/#website\",\"url\":\"http:\/\/cyfeillionllyn.org\/1\/\",\"name\":\"Cyfeillion Ll\u0177n\",\"description\":\"\",\"publisher\":{\"@id\":\"http:\/\/cyfeillionllyn.org\/1\/#organization\"},\"alternateName\":\"Cyfeillion\",\"potentialAction\":[{\"@type\":\"SearchAction\",\"target\":{\"@type\":\"EntryPoint\",\"urlTemplate\":\"http:\/\/cyfeillionllyn.org\/1\/?s={search_term_string}\"},\"query-input\":\"required name=search_term_string\"}],\"inLanguage\":\"en-GB\"},{\"@type\":\"Organization\",\"@id\":\"http:\/\/cyfeillionllyn.org\/1\/#organization\",\"name\":\"Cyfeillion Ll\u0177n\",\"url\":\"http:\/\/cyfeillionllyn.org\/1\/\",\"logo\":{\"@type\":\"ImageObject\",\"inLanguage\":\"en-GB\",\"@id\":\"http:\/\/cyfeillionllyn.org\/1\/#\/schema\/logo\/image\/\",\"url\":\"http:\/\/cyfeillionllyn.org\/1\/wp-content\/uploads\/2023\/12\/logo-cyfeillion.png\",\"contentUrl\":\"http:\/\/cyfeillionllyn.org\/1\/wp-content\/uploads\/2023\/12\/logo-cyfeillion.png\",\"width\":1403,\"height\":225,\"caption\":\"Cyfeillion Ll\u0177n\"},\"image\":{\"@id\":\"http:\/\/cyfeillionllyn.org\/1\/#\/schema\/logo\/image\/\"},\"sameAs\":[\"https:\/\/www.facebook.com\/profile.php?id=100094265299027\",\"https:\/\/x.com\/CyfeillionLlyn\",\"https:\/\/www.youtube.com\/@CyfeillionLlyn\"]}]}<\/script>\n<!-- \/ Yoast SEO plugin. -->","yoast_head_json":{"title":"Hanes - Cyfeillion Ll\u0177n","description":"Hanes Cyfeillion Ll\u0177n","robots":{"index":"index","follow":"follow","max-snippet":"max-snippet:-1","max-image-preview":"max-image-preview:large","max-video-preview":"max-video-preview:-1"},"canonical":"http:\/\/cyfeillionllyn.org\/1\/hanes\/","og_locale":"en_GB","og_type":"article","og_title":"Hanes - Cyfeillion Ll\u0177n","og_description":"Hanes Cyfeillion Ll\u0177n","og_url":"http:\/\/cyfeillionllyn.org\/1\/hanes\/","og_site_name":"Cyfeillion Ll\u0177n","article_publisher":"https:\/\/www.facebook.com\/profile.php?id=100094265299027","article_modified_time":"2025-08-14T10:41:05+00:00","og_image":[{"width":2000,"height":1197,"url":"http:\/\/cyfeillionllyn.org\/1\/wp-content\/uploads\/2023\/12\/cropped-cefndir-cartref.jpg","type":"image\/jpeg"}],"twitter_card":"summary_large_image","twitter_site":"@CyfeillionLlyn","twitter_misc":{"Estimated reading time":"5 minutes"},"schema":{"@context":"https:\/\/schema.org","@graph":[{"@type":"WebPage","@id":"http:\/\/cyfeillionllyn.org\/1\/hanes\/","url":"http:\/\/cyfeillionllyn.org\/1\/hanes\/","name":"Hanes - Cyfeillion Ll\u0177n","isPartOf":{"@id":"http:\/\/cyfeillionllyn.org\/1\/#website"},"primaryImageOfPage":{"@id":"http:\/\/cyfeillionllyn.org\/1\/hanes\/#primaryimage"},"image":{"@id":"http:\/\/cyfeillionllyn.org\/1\/hanes\/#primaryimage"},"thumbnailUrl":"http:\/\/cyfeillionllyn.org\/1\/wp-content\/uploads\/2023\/12\/cropped-cefndir-cartref.jpg","datePublished":"2023-12-18T15:35:38+00:00","dateModified":"2025-08-14T10:41:05+00:00","description":"Hanes Cyfeillion Ll\u0177n","breadcrumb":{"@id":"http:\/\/cyfeillionllyn.org\/1\/hanes\/#breadcrumb"},"inLanguage":"en-GB","potentialAction":[{"@type":"ReadAction","target":["http:\/\/cyfeillionllyn.org\/1\/hanes\/"]}]},{"@type":"ImageObject","inLanguage":"en-GB","@id":"http:\/\/cyfeillionllyn.org\/1\/hanes\/#primaryimage","url":"http:\/\/cyfeillionllyn.org\/1\/wp-content\/uploads\/2023\/12\/cropped-cefndir-cartref.jpg","contentUrl":"http:\/\/cyfeillionllyn.org\/1\/wp-content\/uploads\/2023\/12\/cropped-cefndir-cartref.jpg","width":2000,"height":1197},{"@type":"BreadcrumbList","@id":"http:\/\/cyfeillionllyn.org\/1\/hanes\/#breadcrumb","itemListElement":[{"@type":"ListItem","position":1,"name":"Home","item":"http:\/\/cyfeillionllyn.org\/1\/"},{"@type":"ListItem","position":2,"name":"Hanes"}]},{"@type":"WebSite","@id":"http:\/\/cyfeillionllyn.org\/1\/#website","url":"http:\/\/cyfeillionllyn.org\/1\/","name":"Cyfeillion Ll\u0177n","description":"","publisher":{"@id":"http:\/\/cyfeillionllyn.org\/1\/#organization"},"alternateName":"Cyfeillion","potentialAction":[{"@type":"SearchAction","target":{"@type":"EntryPoint","urlTemplate":"http:\/\/cyfeillionllyn.org\/1\/?s={search_term_string}"},"query-input":"required name=search_term_string"}],"inLanguage":"en-GB"},{"@type":"Organization","@id":"http:\/\/cyfeillionllyn.org\/1\/#organization","name":"Cyfeillion Ll\u0177n","url":"http:\/\/cyfeillionllyn.org\/1\/","logo":{"@type":"ImageObject","inLanguage":"en-GB","@id":"http:\/\/cyfeillionllyn.org\/1\/#\/schema\/logo\/image\/","url":"http:\/\/cyfeillionllyn.org\/1\/wp-content\/uploads\/2023\/12\/logo-cyfeillion.png","contentUrl":"http:\/\/cyfeillionllyn.org\/1\/wp-content\/uploads\/2023\/12\/logo-cyfeillion.png","width":1403,"height":225,"caption":"Cyfeillion Ll\u0177n"},"image":{"@id":"http:\/\/cyfeillionllyn.org\/1\/#\/schema\/logo\/image\/"},"sameAs":["https:\/\/www.facebook.com\/profile.php?id=100094265299027","https:\/\/x.com\/CyfeillionLlyn","https:\/\/www.youtube.com\/@CyfeillionLlyn"]}]}},"featured_media_urls":{"thumbnail":["http:\/\/cyfeillionllyn.org\/1\/wp-content\/uploads\/2023\/12\/cropped-cefndir-cartref-150x150.jpg",150,150,true],"medium":["http:\/\/cyfeillionllyn.org\/1\/wp-content\/uploads\/2023\/12\/cropped-cefndir-cartref-300x180.jpg",300,180,true],"medium_large":["http:\/\/cyfeillionllyn.org\/1\/wp-content\/uploads\/2023\/12\/cropped-cefndir-cartref.jpg",768,460,false],"large":["http:\/\/cyfeillionllyn.org\/1\/wp-content\/uploads\/2023\/12\/cropped-cefndir-cartref-1024x613.jpg",950,569,true],"1536x1536":["http:\/\/cyfeillionllyn.org\/1\/wp-content\/uploads\/2023\/12\/cropped-cefndir-cartref-1536x919.jpg",1536,919,true],"2048x2048":["http:\/\/cyfeillionllyn.org\/1\/wp-content\/uploads\/2023\/12\/cropped-cefndir-cartref.jpg",2000,1197,false],"inspiro-featured-image":["http:\/\/cyfeillionllyn.org\/1\/wp-content\/uploads\/2023\/12\/cropped-cefndir-cartref.jpg",2000,1197,false],"inspiro-loop":["http:\/\/cyfeillionllyn.org\/1\/wp-content\/uploads\/2023\/12\/cropped-cefndir-cartref-950x320.jpg",950,320,true],"inspiro-loop@2x":["http:\/\/cyfeillionllyn.org\/1\/wp-content\/uploads\/2023\/12\/cropped-cefndir-cartref-1900x640.jpg",1900,640,true],"portfolio_item-thumbnail":["http:\/\/cyfeillionllyn.org\/1\/wp-content\/uploads\/2023\/12\/cropped-cefndir-cartref-600x400.jpg",600,400,true],"portfolio_item-thumbnail@2x":["http:\/\/cyfeillionllyn.org\/1\/wp-content\/uploads\/2023\/12\/cropped-cefndir-cartref-1200x800.jpg",1200,800,true],"portfolio_item-masonry":["http:\/\/cyfeillionllyn.org\/1\/wp-content\/uploads\/2023\/12\/cropped-cefndir-cartref-600x359.jpg",600,359,true],"portfolio_item-masonry@2x":["http:\/\/cyfeillionllyn.org\/1\/wp-content\/uploads\/2023\/12\/cropped-cefndir-cartref-1200x718.jpg",1200,718,true],"portfolio_item-thumbnail_cinema":["http:\/\/cyfeillionllyn.org\/1\/wp-content\/uploads\/2023\/12\/cropped-cefndir-cartref-800x335.jpg",800,335,true],"portfolio_item-thumbnail_portrait":["http:\/\/cyfeillionllyn.org\/1\/wp-content\/uploads\/2023\/12\/cropped-cefndir-cartref-600x900.jpg",600,900,true],"portfolio_item-thumbnail_portrait@2x":["http:\/\/cyfeillionllyn.org\/1\/wp-content\/uploads\/2023\/12\/cropped-cefndir-cartref-1200x1197.jpg",1200,1197,true],"portfolio_item-thumbnail_square":["http:\/\/cyfeillionllyn.org\/1\/wp-content\/uploads\/2023\/12\/cropped-cefndir-cartref-800x800.jpg",800,800,true]},"_links":{"self":[{"href":"http:\/\/cyfeillionllyn.org\/1\/wp-json\/wp\/v2\/pages\/54","targetHints":{"allow":["GET"]}}],"collection":[{"href":"http:\/\/cyfeillionllyn.org\/1\/wp-json\/wp\/v2\/pages"}],"about":[{"href":"http:\/\/cyfeillionllyn.org\/1\/wp-json\/wp\/v2\/types\/page"}],"author":[{"embeddable":true,"href":"http:\/\/cyfeillionllyn.org\/1\/wp-json\/wp\/v2\/users\/1"}],"replies":[{"embeddable":true,"href":"http:\/\/cyfeillionllyn.org\/1\/wp-json\/wp\/v2\/comments?post=54"}],"version-history":[{"count":14,"href":"http:\/\/cyfeillionllyn.org\/1\/wp-json\/wp\/v2\/pages\/54\/revisions"}],"predecessor-version":[{"id":836,"href":"http:\/\/cyfeillionllyn.org\/1\/wp-json\/wp\/v2\/pages\/54\/revisions\/836"}],"wp:featuredmedia":[{"embeddable":true,"href":"http:\/\/cyfeillionllyn.org\/1\/wp-json\/wp\/v2\/media\/227"}],"wp:attachment":[{"href":"http:\/\/cyfeillionllyn.org\/1\/wp-json\/wp\/v2\/media?parent=54"}],"curies":[{"name":"wp","href":"https:\/\/api.w.org\/{rel}","templated":true}]}}