{"id":7,"date":"2023-12-18T13:50:20","date_gmt":"2023-12-18T13:50:20","guid":{"rendered":"http:\/\/cyfeillionllyn.org\/1\/?page_id=7"},"modified":"2024-11-17T11:55:29","modified_gmt":"2024-11-17T11:55:29","slug":"homepage","status":"publish","type":"page","link":"http:\/\/cyfeillionllyn.org\/1\/","title":{"rendered":"Cyfeillion Ll\u0177n"},"content":{"rendered":"\n<div class=\"wp-block-group has-global-padding is-layout-constrained wp-block-group-is-layout-constrained\">\n<div style=\"height:57px\" aria-hidden=\"true\" class=\"wp-block-spacer\"><\/div>\n\n\n\n<p><\/p>\n\n\n\n<div class=\"wp-block-columns is-layout-flex wp-container-core-columns-is-layout-28f84493 wp-block-columns-is-layout-flex\">\n<div class=\"wp-block-column is-layout-flow wp-block-column-is-layout-flow\" style=\"flex-basis:15%\"><\/div>\n\n\n\n<div class=\"wp-block-column is-layout-flow wp-block-column-is-layout-flow\" style=\"flex-basis:70%\"><\/div>\n\n\n\n<div class=\"wp-block-column is-layout-flow wp-block-column-is-layout-flow\" style=\"flex-basis:15%\"><\/div>\n<\/div>\n\n\n\n<div class=\"wp-block-columns is-layout-flex wp-container-core-columns-is-layout-28f84493 wp-block-columns-is-layout-flex\">\n<div class=\"wp-block-column is-layout-flow wp-block-column-is-layout-flow\">\n<figure class=\"wp-block-image alignright size-full is-resized\"><img loading=\"lazy\" decoding=\"async\" width=\"200\" height=\"150\" src=\"http:\/\/cyfeillionllyn.org\/1\/wp-content\/uploads\/2023\/12\/rs.jpg\" alt=\"\" class=\"wp-image-42\" style=\"width:271px;height:auto\"\/><\/figure>\n<\/div>\n\n\n\n<div class=\"wp-block-column is-layout-flow wp-block-column-is-layout-flow\" style=\"flex-basis:5%\"><\/div>\n\n\n\n<div class=\"wp-block-column is-layout-flow wp-block-column-is-layout-flow\">\n<figure class=\"wp-block-image alignleft size-full is-resized\"><img loading=\"lazy\" decoding=\"async\" width=\"200\" height=\"150\" src=\"http:\/\/cyfeillionllyn.org\/1\/wp-content\/uploads\/2023\/12\/gp.jpg\" alt=\"\" class=\"wp-image-43\" style=\"width:272px;height:auto\"\/><\/figure>\n<\/div>\n<\/div>\n\n\n\n<div style=\"height:14px\" aria-hidden=\"true\" class=\"wp-block-spacer\"><\/div>\n<\/div>\n\n\n\n<div class=\"wp-block-columns is-layout-flex wp-container-core-columns-is-layout-28f84493 wp-block-columns-is-layout-flex\">\n<div class=\"wp-block-column is-layout-flow wp-block-column-is-layout-flow\" style=\"flex-basis:15%\"><\/div>\n\n\n\n<div class=\"wp-block-column is-layout-flow wp-block-column-is-layout-flow\" style=\"flex-basis:70%\">\n<p>Cyhoeddwyd y wefan yma ar ei newydd wedd ar y 3ydd o Ionawr 2024 i ddathlu penderfyniad pwysig Cynghorau Cymuned Aberdaron, Botwnnog a Thudweiliog i ddynodi\u2019r ardaloedd o fewn ffiniau\u2019r tair ward yn Ardal o Arwyddoc\u00e2d Ieithyddol (dwysedd uwch) ar Ddydd Llywelyn Ein Llyw Olaf 11\/12\/23. Ymhen y mis fe ddynododd Cyngor Tref Nefyn yr ardaloedd o fewn eu ffiniau a dyna ddechrau rhwydwaith cyswllt rhwng unigolion, mudiadau, sefydliadau a Chynghorau Cymuned a Thref sydd gyda&#8217;r nod o warchod a chynyddu niferoedd siaradwyr, aelwydydd a defnydd y Gymraeg.<\/p>\n\n\n\n<p>Gwnaed y dynodiadau ar sail tystiolaeth Cyfrifiad 2021 ac argymhelliad y Comisiwn Cymunedau Cymraeg y dylid amrywio polisi cyhoeddus er mwyn sefydlogi a chryfhau\u2019r Gymraeg yn yr ardaloedd lle mae\u2019r Gymraeg gryfaf. Drwy hyn mae\u2019r cynghorau wedi ymuno efo Cyfeillion Ll\u0177n, Cymdeithas Penygraig o dan ambar\u00e9l prosiect \u2018Perthyn\u2019 Llywodraeth Cymru. Maent hefyd yn cadarnhau eu nod o gryfhau\u2019r Gymraeg yn Ll\u0177n a bydd y gwaith ymchwil ac ymgynghori o dan y prosiect \u2018Perthyn\u2019 yn edrych ar bosibiliadau fel gosod amod iaith ar ddatblygiadau tai, creu cyfleoedd newydd i&#8217;r Gymraeg a sefydlu twristiaeth wahanol fydd yn cael effaith gadarnhaol ar y Gymraeg yn y dydodol.<\/p>\n\n\n\n<p>Sefydlwyd Cyfeillion Ll\u0177n yn 1986 gan R.S.Thomas a Gruffudd Parry\u2019r efo\u2019r amcanion o warchod y Gymraeg, yr amgylchedd a\u2019r economi yn Ll\u0177n, gyda chryfhau\u2019r Gymraeg yn brif nod erbyn heddiw. Ers ei sefydlu mae\u2019r Cyfeillion wedi rhoi\u2019r flaenoriaeth i warchod y Gymraeg, fel ein trysor mwyaf gwerthfawr, ar bob achlysur a dyna sail i bob penderfyniad. Dywedodd Saunders Lewis fod parhad yr iaith yn Ll\u0177n, sy\u2019n ddi-dor ers y chweched ganrif, yn fater o fyw neu farw i Gymru.<\/p>\n\n\n\n<p>Dywedai Saunders Lewis hefyd, y gwelai mewn dwyieithrwydd \u201cfarwolaeth barchus ac esmwyth ac angladd ddi-alar i\u2019r Gymraeg\u201d a dyma sy\u2019n digwydd yn Ll\u0177n heddiw. Erbyn heddiw mae Llywodraeth Cymru yn cydnabod yr angen i warchod&nbsp; y Gymraeg yn y cymunedau sydd yn dioddef waethaf o effeithiau ail gartrefi a thwristiaeth. Fel rhan o\u2019r prosiect Perthyn rydym yn edrych ymlaen at gydweithio i warchod ein hawl i fyw yn Gymraeg a chroesawu siaradwyr newydd atom i sefyll efo ni yn y bwlch a chyrraedd targed y Llywodraeth o filiwn o siaradwyr newydd erbyn 2050.<\/p>\n\n\n\n<div style=\"height:39px\" aria-hidden=\"true\" class=\"wp-block-spacer\"><\/div>\n<\/div>\n\n\n\n<div class=\"wp-block-column is-layout-flow wp-block-column-is-layout-flow\" style=\"flex-basis:15%\"><\/div>\n<\/div>\n\n\n\n<div class=\"wp-block-columns is-layout-flex wp-container-core-columns-is-layout-20bb992b wp-block-columns-is-layout-flex\" style=\"border-style:none;border-width:0px;margin-top:0;margin-bottom:0;padding-top:0;padding-right:0;padding-bottom:0;padding-left:0\">\n<div class=\"wp-block-column is-layout-flow wp-block-column-is-layout-flow\" style=\"flex-basis:100%\">\n<div class=\"wp-block-cover has-parallax has-custom-content-position is-position-bottom-center is-position-center-center\" style=\"border-radius:0px;min-height:449px;aspect-ratio:unset;\"><span aria-hidden=\"true\" class=\"wp-block-cover__background has-black-background-color has-background-dim-40 has-background-dim\"><\/span><div class=\"wp-block-cover__image-background wp-image-67 has-parallax\" style=\"background-position:50% 50%;background-image:url(http:\/\/cyfeillionllyn.org\/1\/wp-content\/uploads\/2023\/12\/enlli-cefndir.jpg)\"><\/div><div class=\"wp-block-cover__inner-container is-layout-flow wp-block-cover-is-layout-flow\">\n<div class=\"wp-block-group has-global-padding is-layout-constrained wp-block-group-is-layout-constrained\">\n<h3 class=\"wp-block-heading has-text-align-center has-text-color has-medium-font-size\" style=\"color:#fffffa;text-transform:uppercase\">Cyfeillion LL\u0177n<\/h3>\n\n\n\n<p class=\"has-text-align-center has-white-color has-text-color\"><\/p>\n\n\n\n<div style=\"height:31px\" aria-hidden=\"true\" class=\"wp-block-spacer\"><\/div>\n\n\n\n<div class=\"wp-block-buttons is-horizontal is-content-justification-center is-layout-flex wp-container-core-buttons-is-layout-03627597 wp-block-buttons-is-layout-flex\">\n<div class=\"wp-block-button is-style-outline is-style-outline--1\"><a class=\"wp-block-button__link has-white-color has-text-color wp-element-button\" href=\"http:\/\/cyfeillionllyn.org\/1\/cysyllyu\/\" style=\"border-radius:0px\">Cysylltwch \u00e2 ni<\/a><\/div>\n<\/div>\n<\/div>\n<\/div><\/div>\n<\/div>\n<\/div>\n\n\n\n<p><\/p>\n\n\n\n<p><\/p>\n\n\n\n<div class=\"wp-block-columns is-layout-flex wp-container-core-columns-is-layout-28f84493 wp-block-columns-is-layout-flex\">\n<div class=\"wp-block-column is-layout-flow wp-block-column-is-layout-flow\"><\/div>\n\n\n\n<div class=\"wp-block-column is-layout-flow wp-block-column-is-layout-flow\">\n<figure class=\"wp-block-image aligncenter size-thumbnail\"><img loading=\"lazy\" decoding=\"async\" width=\"150\" height=\"150\" src=\"http:\/\/cyfeillionllyn.org\/1\/wp-content\/uploads\/2023\/12\/cyfeillion-150x150.jpg\" alt=\"\" class=\"wp-image-12\" srcset=\"http:\/\/cyfeillionllyn.org\/1\/wp-content\/uploads\/2023\/12\/cyfeillion-150x150.jpg 150w, http:\/\/cyfeillionllyn.org\/1\/wp-content\/uploads\/2023\/12\/cyfeillion.jpg 225w\" sizes=\"auto, (max-width: 150px) 100vw, 150px\" \/><\/figure>\n<\/div>\n\n\n\n<div class=\"wp-block-column is-layout-flow wp-block-column-is-layout-flow\"><\/div>\n<\/div>\n\n\n\n<p><\/p>\n\n\n\n<p><\/p>\n\n\n\n<p><\/p>\n\n\n\n<p><\/p>\n","protected":false},"excerpt":{"rendered":"<p>Cyhoeddwyd y wefan yma ar ei newydd wedd ar y 3ydd o Ionawr 2024 i ddathlu penderfyniad pwysig Cynghorau Cymuned Aberdaron, Botwnnog a Thudweiliog i ddynodi\u2019r ardaloedd o fewn ffiniau\u2019r tair ward yn Ardal o Arwyddoc\u00e2d Ieithyddol (dwysedd uwch) ar Ddydd Llywelyn Ein Llyw Olaf 11\/12\/23. Ymhen y mis fe ddynododd Cyngor Tref Nefyn yr &hellip; <\/p>\n<p class=\"link-more\"><a href=\"http:\/\/cyfeillionllyn.org\/1\/\" class=\"more-link\">Read more<span class=\"screen-reader-text\"> &#8220;Cyfeillion Ll\u0177n&#8221;<\/span><\/a><\/p>\n","protected":false},"author":1,"featured_media":226,"parent":0,"menu_order":0,"comment_status":"closed","ping_status":"closed","template":"page-templates\/no-title.php","meta":{"footnotes":""},"class_list":["post-7","page","type-page","status-publish","has-post-thumbnail","hentry"],"yoast_head":"<!-- This site is optimized with the Yoast SEO plugin v23.2 - https:\/\/yoast.com\/wordpress\/plugins\/seo\/ -->\n<title>Cyfeillion Ll\u0177n - Cyfeillion Ll\u0177n<\/title>\n<meta name=\"description\" content=\"Cyfeillion Ll\u0177n Cyfeillion Ll\u0177n\" \/>\n<meta name=\"robots\" content=\"index, follow, max-snippet:-1, max-image-preview:large, max-video-preview:-1\" \/>\n<link rel=\"canonical\" href=\"http:\/\/cyfeillionllyn.org\/1\/\" \/>\n<meta property=\"og:locale\" content=\"en_GB\" \/>\n<meta property=\"og:type\" content=\"article\" \/>\n<meta property=\"og:title\" content=\"Cyfeillion Ll\u0177n - Cyfeillion Ll\u0177n\" \/>\n<meta property=\"og:description\" content=\"Cyfeillion Ll\u0177n Cyfeillion Ll\u0177n\" \/>\n<meta property=\"og:url\" content=\"http:\/\/cyfeillionllyn.org\/1\/\" \/>\n<meta property=\"og:site_name\" content=\"Cyfeillion Ll\u0177n\" \/>\n<meta property=\"article:publisher\" content=\"https:\/\/www.facebook.com\/profile.php?id=100094265299027\" \/>\n<meta property=\"article:modified_time\" content=\"2024-11-17T11:55:29+00:00\" \/>\n<meta property=\"og:image\" content=\"http:\/\/cyfeillionllyn.org\/1\/wp-content\/uploads\/2023\/12\/cefndir-cartref.jpg\" \/>\n\t<meta property=\"og:image:width\" content=\"750\" \/>\n\t<meta property=\"og:image:height\" content=\"750\" \/>\n\t<meta property=\"og:image:type\" content=\"image\/jpeg\" \/>\n<meta name=\"twitter:card\" content=\"summary_large_image\" \/>\n<meta name=\"twitter:site\" content=\"@CyfeillionLlyn\" \/>\n<meta name=\"twitter:label1\" content=\"Estimated reading time\" \/>\n\t<meta name=\"twitter:data1\" content=\"3 minutes\" \/>\n<script type=\"application\/ld+json\" class=\"yoast-schema-graph\">{\"@context\":\"https:\/\/schema.org\",\"@graph\":[{\"@type\":\"WebPage\",\"@id\":\"http:\/\/cyfeillionllyn.org\/1\/\",\"url\":\"http:\/\/cyfeillionllyn.org\/1\/\",\"name\":\"Cyfeillion Ll\u0177n - Cyfeillion Ll\u0177n\",\"isPartOf\":{\"@id\":\"http:\/\/cyfeillionllyn.org\/1\/#website\"},\"primaryImageOfPage\":{\"@id\":\"http:\/\/cyfeillionllyn.org\/1\/#primaryimage\"},\"image\":{\"@id\":\"http:\/\/cyfeillionllyn.org\/1\/#primaryimage\"},\"thumbnailUrl\":\"http:\/\/cyfeillionllyn.org\/1\/wp-content\/uploads\/2023\/12\/cefndir-cartref.jpg\",\"datePublished\":\"2023-12-18T13:50:20+00:00\",\"dateModified\":\"2024-11-17T11:55:29+00:00\",\"description\":\"Cyfeillion Ll\u0177n Cyfeillion Ll\u0177n\",\"breadcrumb\":{\"@id\":\"http:\/\/cyfeillionllyn.org\/1\/#breadcrumb\"},\"inLanguage\":\"en-GB\",\"potentialAction\":[{\"@type\":\"ReadAction\",\"target\":[\"http:\/\/cyfeillionllyn.org\/1\/\"]}]},{\"@type\":\"ImageObject\",\"inLanguage\":\"en-GB\",\"@id\":\"http:\/\/cyfeillionllyn.org\/1\/#primaryimage\",\"url\":\"http:\/\/cyfeillionllyn.org\/1\/wp-content\/uploads\/2023\/12\/cefndir-cartref.jpg\",\"contentUrl\":\"http:\/\/cyfeillionllyn.org\/1\/wp-content\/uploads\/2023\/12\/cefndir-cartref.jpg\",\"width\":750,\"height\":750},{\"@type\":\"BreadcrumbList\",\"@id\":\"http:\/\/cyfeillionllyn.org\/1\/#breadcrumb\",\"itemListElement\":[{\"@type\":\"ListItem\",\"position\":1,\"name\":\"Home\",\"item\":\"http:\/\/cyfeillionllyn.org\/1\/\"},{\"@type\":\"ListItem\",\"position\":2,\"name\":\"Cyfeillion Ll\u0177n\"}]},{\"@type\":\"WebSite\",\"@id\":\"http:\/\/cyfeillionllyn.org\/1\/#website\",\"url\":\"http:\/\/cyfeillionllyn.org\/1\/\",\"name\":\"Cyfeillion Ll\u0177n\",\"description\":\"\",\"publisher\":{\"@id\":\"http:\/\/cyfeillionllyn.org\/1\/#organization\"},\"alternateName\":\"Cyfeillion\",\"potentialAction\":[{\"@type\":\"SearchAction\",\"target\":{\"@type\":\"EntryPoint\",\"urlTemplate\":\"http:\/\/cyfeillionllyn.org\/1\/?s={search_term_string}\"},\"query-input\":\"required name=search_term_string\"}],\"inLanguage\":\"en-GB\"},{\"@type\":\"Organization\",\"@id\":\"http:\/\/cyfeillionllyn.org\/1\/#organization\",\"name\":\"Cyfeillion Ll\u0177n\",\"url\":\"http:\/\/cyfeillionllyn.org\/1\/\",\"logo\":{\"@type\":\"ImageObject\",\"inLanguage\":\"en-GB\",\"@id\":\"http:\/\/cyfeillionllyn.org\/1\/#\/schema\/logo\/image\/\",\"url\":\"http:\/\/cyfeillionllyn.org\/1\/wp-content\/uploads\/2023\/12\/logo-cyfeillion.png\",\"contentUrl\":\"http:\/\/cyfeillionllyn.org\/1\/wp-content\/uploads\/2023\/12\/logo-cyfeillion.png\",\"width\":1403,\"height\":225,\"caption\":\"Cyfeillion Ll\u0177n\"},\"image\":{\"@id\":\"http:\/\/cyfeillionllyn.org\/1\/#\/schema\/logo\/image\/\"},\"sameAs\":[\"https:\/\/www.facebook.com\/profile.php?id=100094265299027\",\"https:\/\/x.com\/CyfeillionLlyn\",\"https:\/\/www.youtube.com\/@CyfeillionLlyn\"]}]}<\/script>\n<!-- \/ Yoast SEO plugin. -->","yoast_head_json":{"title":"Cyfeillion Ll\u0177n - Cyfeillion Ll\u0177n","description":"Cyfeillion Ll\u0177n Cyfeillion Ll\u0177n","robots":{"index":"index","follow":"follow","max-snippet":"max-snippet:-1","max-image-preview":"max-image-preview:large","max-video-preview":"max-video-preview:-1"},"canonical":"http:\/\/cyfeillionllyn.org\/1\/","og_locale":"en_GB","og_type":"article","og_title":"Cyfeillion Ll\u0177n - Cyfeillion Ll\u0177n","og_description":"Cyfeillion Ll\u0177n Cyfeillion Ll\u0177n","og_url":"http:\/\/cyfeillionllyn.org\/1\/","og_site_name":"Cyfeillion Ll\u0177n","article_publisher":"https:\/\/www.facebook.com\/profile.php?id=100094265299027","article_modified_time":"2024-11-17T11:55:29+00:00","og_image":[{"width":750,"height":750,"url":"http:\/\/cyfeillionllyn.org\/1\/wp-content\/uploads\/2023\/12\/cefndir-cartref.jpg","type":"image\/jpeg"}],"twitter_card":"summary_large_image","twitter_site":"@CyfeillionLlyn","twitter_misc":{"Estimated reading time":"3 minutes"},"schema":{"@context":"https:\/\/schema.org","@graph":[{"@type":"WebPage","@id":"http:\/\/cyfeillionllyn.org\/1\/","url":"http:\/\/cyfeillionllyn.org\/1\/","name":"Cyfeillion Ll\u0177n - Cyfeillion Ll\u0177n","isPartOf":{"@id":"http:\/\/cyfeillionllyn.org\/1\/#website"},"primaryImageOfPage":{"@id":"http:\/\/cyfeillionllyn.org\/1\/#primaryimage"},"image":{"@id":"http:\/\/cyfeillionllyn.org\/1\/#primaryimage"},"thumbnailUrl":"http:\/\/cyfeillionllyn.org\/1\/wp-content\/uploads\/2023\/12\/cefndir-cartref.jpg","datePublished":"2023-12-18T13:50:20+00:00","dateModified":"2024-11-17T11:55:29+00:00","description":"Cyfeillion Ll\u0177n Cyfeillion Ll\u0177n","breadcrumb":{"@id":"http:\/\/cyfeillionllyn.org\/1\/#breadcrumb"},"inLanguage":"en-GB","potentialAction":[{"@type":"ReadAction","target":["http:\/\/cyfeillionllyn.org\/1\/"]}]},{"@type":"ImageObject","inLanguage":"en-GB","@id":"http:\/\/cyfeillionllyn.org\/1\/#primaryimage","url":"http:\/\/cyfeillionllyn.org\/1\/wp-content\/uploads\/2023\/12\/cefndir-cartref.jpg","contentUrl":"http:\/\/cyfeillionllyn.org\/1\/wp-content\/uploads\/2023\/12\/cefndir-cartref.jpg","width":750,"height":750},{"@type":"BreadcrumbList","@id":"http:\/\/cyfeillionllyn.org\/1\/#breadcrumb","itemListElement":[{"@type":"ListItem","position":1,"name":"Home","item":"http:\/\/cyfeillionllyn.org\/1\/"},{"@type":"ListItem","position":2,"name":"Cyfeillion Ll\u0177n"}]},{"@type":"WebSite","@id":"http:\/\/cyfeillionllyn.org\/1\/#website","url":"http:\/\/cyfeillionllyn.org\/1\/","name":"Cyfeillion Ll\u0177n","description":"","publisher":{"@id":"http:\/\/cyfeillionllyn.org\/1\/#organization"},"alternateName":"Cyfeillion","potentialAction":[{"@type":"SearchAction","target":{"@type":"EntryPoint","urlTemplate":"http:\/\/cyfeillionllyn.org\/1\/?s={search_term_string}"},"query-input":"required name=search_term_string"}],"inLanguage":"en-GB"},{"@type":"Organization","@id":"http:\/\/cyfeillionllyn.org\/1\/#organization","name":"Cyfeillion Ll\u0177n","url":"http:\/\/cyfeillionllyn.org\/1\/","logo":{"@type":"ImageObject","inLanguage":"en-GB","@id":"http:\/\/cyfeillionllyn.org\/1\/#\/schema\/logo\/image\/","url":"http:\/\/cyfeillionllyn.org\/1\/wp-content\/uploads\/2023\/12\/logo-cyfeillion.png","contentUrl":"http:\/\/cyfeillionllyn.org\/1\/wp-content\/uploads\/2023\/12\/logo-cyfeillion.png","width":1403,"height":225,"caption":"Cyfeillion Ll\u0177n"},"image":{"@id":"http:\/\/cyfeillionllyn.org\/1\/#\/schema\/logo\/image\/"},"sameAs":["https:\/\/www.facebook.com\/profile.php?id=100094265299027","https:\/\/x.com\/CyfeillionLlyn","https:\/\/www.youtube.com\/@CyfeillionLlyn"]}]}},"featured_media_urls":{"thumbnail":["http:\/\/cyfeillionllyn.org\/1\/wp-content\/uploads\/2023\/12\/cefndir-cartref-150x150.jpg",150,150,true],"medium":["http:\/\/cyfeillionllyn.org\/1\/wp-content\/uploads\/2023\/12\/cefndir-cartref-300x300.jpg",300,300,true],"medium_large":["http:\/\/cyfeillionllyn.org\/1\/wp-content\/uploads\/2023\/12\/cefndir-cartref.jpg",750,750,false],"large":["http:\/\/cyfeillionllyn.org\/1\/wp-content\/uploads\/2023\/12\/cefndir-cartref.jpg",750,750,false],"1536x1536":["http:\/\/cyfeillionllyn.org\/1\/wp-content\/uploads\/2023\/12\/cefndir-cartref.jpg",750,750,false],"2048x2048":["http:\/\/cyfeillionllyn.org\/1\/wp-content\/uploads\/2023\/12\/cefndir-cartref.jpg",750,750,false],"inspiro-featured-image":["http:\/\/cyfeillionllyn.org\/1\/wp-content\/uploads\/2023\/12\/cefndir-cartref.jpg",750,750,false],"inspiro-loop":["http:\/\/cyfeillionllyn.org\/1\/wp-content\/uploads\/2023\/12\/cefndir-cartref-750x320.jpg",750,320,true],"inspiro-loop@2x":["http:\/\/cyfeillionllyn.org\/1\/wp-content\/uploads\/2023\/12\/cefndir-cartref-750x640.jpg",750,640,true],"portfolio_item-thumbnail":["http:\/\/cyfeillionllyn.org\/1\/wp-content\/uploads\/2023\/12\/cefndir-cartref-600x400.jpg",600,400,true],"portfolio_item-thumbnail@2x":["http:\/\/cyfeillionllyn.org\/1\/wp-content\/uploads\/2023\/12\/cefndir-cartref.jpg",750,750,false],"portfolio_item-masonry":["http:\/\/cyfeillionllyn.org\/1\/wp-content\/uploads\/2023\/12\/cefndir-cartref-600x600.jpg",600,600,true],"portfolio_item-masonry@2x":["http:\/\/cyfeillionllyn.org\/1\/wp-content\/uploads\/2023\/12\/cefndir-cartref.jpg",750,750,false],"portfolio_item-thumbnail_cinema":["http:\/\/cyfeillionllyn.org\/1\/wp-content\/uploads\/2023\/12\/cefndir-cartref-750x335.jpg",750,335,true],"portfolio_item-thumbnail_portrait":["http:\/\/cyfeillionllyn.org\/1\/wp-content\/uploads\/2023\/12\/cefndir-cartref-600x750.jpg",600,750,true],"portfolio_item-thumbnail_portrait@2x":["http:\/\/cyfeillionllyn.org\/1\/wp-content\/uploads\/2023\/12\/cefndir-cartref.jpg",750,750,false],"portfolio_item-thumbnail_square":["http:\/\/cyfeillionllyn.org\/1\/wp-content\/uploads\/2023\/12\/cefndir-cartref.jpg",750,750,false]},"_links":{"self":[{"href":"http:\/\/cyfeillionllyn.org\/1\/wp-json\/wp\/v2\/pages\/7","targetHints":{"allow":["GET"]}}],"collection":[{"href":"http:\/\/cyfeillionllyn.org\/1\/wp-json\/wp\/v2\/pages"}],"about":[{"href":"http:\/\/cyfeillionllyn.org\/1\/wp-json\/wp\/v2\/types\/page"}],"author":[{"embeddable":true,"href":"http:\/\/cyfeillionllyn.org\/1\/wp-json\/wp\/v2\/users\/1"}],"replies":[{"embeddable":true,"href":"http:\/\/cyfeillionllyn.org\/1\/wp-json\/wp\/v2\/comments?post=7"}],"version-history":[{"count":75,"href":"http:\/\/cyfeillionllyn.org\/1\/wp-json\/wp\/v2\/pages\/7\/revisions"}],"predecessor-version":[{"id":776,"href":"http:\/\/cyfeillionllyn.org\/1\/wp-json\/wp\/v2\/pages\/7\/revisions\/776"}],"wp:featuredmedia":[{"embeddable":true,"href":"http:\/\/cyfeillionllyn.org\/1\/wp-json\/wp\/v2\/media\/226"}],"wp:attachment":[{"href":"http:\/\/cyfeillionllyn.org\/1\/wp-json\/wp\/v2\/media?parent=7"}],"curies":[{"name":"wp","href":"https:\/\/api.w.org\/{rel}","templated":true}]}}